{"id":216,"date":"2022-03-18T16:58:20","date_gmt":"2022-03-18T19:58:20","guid":{"rendered":"http:\/\/cartorioextrapf.com.br\/?page_id=216"},"modified":"2025-02-14T11:26:58","modified_gmt":"2025-02-14T14:26:58","slug":"fale-conosco","status":"publish","type":"page","link":"http:\/\/cartorioextrapf.com.br\/?page_id=216","title":{"rendered":"FALE CONOSCO"},"content":{"rendered":"<div data-colibri-id=\"216-c1\" class=\"style-581 style-local-216-c1 position-relative\">\n  <!---->\n  <div data-colibri-component=\"section\" data-colibri-id=\"216-c2\" id=\"contact\" class=\"h-section h-section-global-spacing d-flex align-items-lg-center align-items-md-center align-items-center style-582 style-local-216-c2 position-relative\">\n    <div class=\"background-wrapper\">\n      <div class=\"background-layer background-layer-media-container-lg\">\n        <!---->\n        <div class=\"overlay-layer\">\n          <div class=\"overlay-image-layer\" style=\"background-color: rgb(23, 37, 42); opacity: 0.5;\"><\/div>\n        <\/div>\n      <\/div>\n      <div class=\"background-layer background-layer-media-container-md\">\n        <!---->\n        <div class=\"overlay-layer\">\n          <div class=\"overlay-image-layer\" style=\"background-color: rgb(23, 37, 42); opacity: 0.5;\"><\/div>\n        <\/div>\n      <\/div>\n      <div class=\"background-layer background-layer-media-container\">\n        <!---->\n        <div class=\"overlay-layer\">\n          <div class=\"overlay-image-layer\" style=\"background-color: rgb(23, 37, 42); opacity: 0.5;\"><\/div>\n        <\/div>\n      <\/div>\n    <\/div>\n    <!---->\n    <div class=\"h-section-grid-container h-section-boxed-container\">\n      <!---->\n      <div data-colibri-id=\"216-c3\" class=\"h-row-container gutters-row-lg-2 gutters-row-md-2 gutters-row-0 gutters-row-v-lg-2 gutters-row-v-md-2 gutters-row-v-2 style-593 style-local-216-c3 position-relative\">\n        <!---->\n        <div class=\"h-row justify-content-lg-center justify-content-md-center justify-content-center align-items-lg-stretch align-items-md-stretch align-items-stretch gutters-col-lg-2 gutters-col-md-2 gutters-col-0 gutters-col-v-lg-2 gutters-col-v-md-2 gutters-col-v-2\">\n          <!---->\n          <div class=\"h-column h-column-container d-flex h-col-lg-auto h-col-md-auto h-col-auto style-594-outer style-local-216-c4-outer\">\n            <div data-colibri-id=\"216-c4\" class=\"d-flex h-flex-basis h-column__inner h-px-lg-2 h-px-md-2 h-px-2 v-inner-lg-2 v-inner-md-2 v-inner-2 style-594 style-local-216-c4 position-relative\">\n              <!---->\n              <!---->\n              <div class=\"w-100 h-y-container h-column__content h-column__v-align flex-basis-100 align-self-lg-start align-self-md-start align-self-start\">\n                <!---->\n                <div data-colibri-id=\"216-c5\" class=\"d-block style-595 style-local-216-c5 position-relative h-element\">\n                  <!---->\n                  <div class=\"h-image__frame-container-outer\">\n                    <div class=\"h-image__frame-container\">\n                      <!---->\n                      <!---->\n                      <img loading=\"lazy\" decoding=\"async\" width=\"1562\" height=\"1343\" src=\"http:\/\/cartorioextrapf.com.br\/wp-content\/uploads\/2022\/03\/L01.png\" class=\"wp-image-55 style-595-image style-local-216-c5-image\" alt=\"\" srcset=\"http:\/\/cartorioextrapf.com.br\/wp-content\/uploads\/2022\/03\/L01.png 1562w, http:\/\/cartorioextrapf.com.br\/wp-content\/uploads\/2022\/03\/L01-300x258.png 300w, http:\/\/cartorioextrapf.com.br\/wp-content\/uploads\/2022\/03\/L01-1024x880.png 1024w, http:\/\/cartorioextrapf.com.br\/wp-content\/uploads\/2022\/03\/L01-768x660.png 768w, http:\/\/cartorioextrapf.com.br\/wp-content\/uploads\/2022\/03\/L01-1536x1321.png 1536w\" sizes=\"auto, (max-width: 1562px) 100vw, 1562px\" \/>\n                      <div class=\"h-image__frame h-hide-lg h-hide-md h-hide-sm style-595-frameImage style-local-216-c5-frameImage\"><\/div>\n                    <\/div>\n                  <\/div>\n                <\/div>\n              <\/div>\n            <\/div>\n          <\/div>\n        <\/div>\n      <\/div>\n      <div data-colibri-id=\"216-c6\" class=\"h-row-container gutters-row-lg-2 gutters-row-md-2 gutters-row-0 gutters-row-v-lg-2 gutters-row-v-md-2 gutters-row-v-2 style-596 style-local-216-c6 position-relative\">\n        <!---->\n        <div class=\"h-row justify-content-lg-center justify-content-md-center justify-content-center align-items-lg-stretch align-items-md-stretch align-items-stretch gutters-col-lg-2 gutters-col-md-2 gutters-col-0 gutters-col-v-lg-2 gutters-col-v-md-2 gutters-col-v-2\">\n          <!---->\n          <div class=\"h-column h-column-container d-flex h-col-lg-auto h-col-md-auto h-col-auto style-597-outer style-local-216-c7-outer\">\n            <div data-colibri-id=\"216-c7\" class=\"d-flex h-flex-basis h-column__inner h-px-lg-2 h-px-md-2 h-px-2 v-inner-lg-2 v-inner-md-2 v-inner-2 style-597 style-local-216-c7 position-relative\">\n              <!---->\n              <!---->\n              <div class=\"w-100 h-y-container h-column__content h-column__v-align flex-basis-100 align-self-lg-start align-self-md-start align-self-start\">\n                <!---->\n                <div data-colibri-id=\"216-c8\" class=\"h-text h-text-component style-598 style-local-216-c8 position-relative h-element\">\n                  <!---->\n                  <!---->\n                  <div class=\"\">\n                    <p>TEM ALGUMA D\u00daVIDA SOBRE NOSSOS SERVI\u00c7OS?\n                      <br>ENTRE EM CONTATO CONOSCO,\n                      <br>SER\u00c1 UM PRAZER ATEND\u00ca-LO!<\/p>\n                  <\/div>\n                <\/div>\n              <\/div>\n            <\/div>\n          <\/div>\n        <\/div>\n      <\/div>\n      <div data-colibri-id=\"216-c9\" class=\"h-row-container gutters-row-lg-2 gutters-row-md-2 gutters-row-2 gutters-row-v-lg-2 gutters-row-v-md-2 gutters-row-v-2 style-583 style-local-216-c9 position-relative\">\n        <!---->\n        <div class=\"h-row justify-content-lg-center justify-content-md-center justify-content-center align-items-lg-stretch align-items-md-stretch align-items-stretch gutters-col-lg-2 gutters-col-md-2 gutters-col-2 gutters-col-v-lg-2 gutters-col-v-md-2 gutters-col-v-2\">\n          <!---->\n          <div class=\"h-column h-column-container d-flex h-col-lg-auto h-col-md-auto h-col-auto style-584-outer style-local-216-c10-outer\">\n            <div data-colibri-id=\"216-c10\" class=\"d-flex h-flex-basis h-column__inner h-px-lg-0 h-px-md-0 h-px-0 v-inner-lg-0 v-inner-md-0 v-inner-0 style-584 style-local-216-c10 position-relative\">\n              <!---->\n              <!---->\n              <div class=\"w-100 h-y-container h-column__content h-column__v-align flex-basis-100 align-self-lg-start align-self-md-start align-self-start\">\n                <!---->\n                <div data-colibri-id=\"216-c11\" class=\"h-row-container gutters-row-lg-0 gutters-row-md-0 gutters-row-0 gutters-row-v-lg-0 gutters-row-v-md-0 gutters-row-v-0 style-585 style-local-216-c11 position-relative\">\n                  <!---->\n                  <div class=\"h-row justify-content-lg-center justify-content-md-center justify-content-center align-items-lg-stretch align-items-md-stretch align-items-stretch gutters-col-lg-0 gutters-col-md-0 gutters-col-0 gutters-col-v-lg-0 gutters-col-v-md-0 gutters-col-v-0\">\n                    <!---->\n                    <div class=\"h-column h-column-container d-flex h-col-lg-auto h-col-md-auto h-col-auto style-586-outer style-local-216-c12-outer\">\n                      <div data-colibri-id=\"216-c12\" class=\"d-flex h-flex-basis h-column__inner h-px-lg-0 h-px-md-0 h-px-0 v-inner-lg-0 v-inner-md-0 v-inner-0 style-586 style-local-216-c12 position-relative\">\n                        <!---->\n                        <!---->\n                        <div class=\"w-100 h-y-container h-column__content h-column__v-align flex-basis-100 align-self-lg-center align-self-md-center align-self-center\">\n                          <!---->\n                          <div data-colibri-id=\"216-c13\" class=\"h-global-transition-all h-heading style-587 style-local-216-c13 position-relative h-element\">\n                            <!---->\n                            <div class=\"h-heading__outer style-587 style-local-216-c13\">\n                              <!---->\n                              <!---->\n                              <h4 class=\"\">FALE&nbsp;\n                                <br>CONOSCO<\/h4>\n                            <\/div>\n                          <\/div>\n                          <div data-colibri-id=\"216-c14\" class=\"h-icon style-588 style-local-216-c14 position-relative h-element\">\n                            <!----><span class=\"h-svg-icon h-icon__icon style-588-icon style-local-216-c14-icon\"><!--Icon by Font Awesome (https:\/\/fontawesome.com)-->\n    <svg version=\"1.1\" xmlns=\"http:\/\/www.w3.org\/2000\/svg\" xmlns:xlink=\"http:\/\/www.w3.org\/1999\/xlink\" id=\"book\" viewBox=\"0 0 1664 1896.0833\">\n      <path d=\"M1639 478q40 57 18 129l-275 906q-19 64-76.5 107.5T1183 1664H260q-77 0-148.5-53.5T12 1479q-24-67-2-127 0-4 3-27t4-37q1-8-3-21.5t-3-19.5q2-11 8-21t16.5-23.5T52 1179q23-38 45-91.5t30-91.5q3-10 .5-30t-.5-28q3-11 17-28t17-23q21-36 42-92t25-90q1-9-2.5-32t.5-28q4-13 22-30.5t22-22.5q19-26 42.5-84.5T340 411q1-8-3-25.5t-2-26.5q2-8 9-18t18-23 17-21q8-12 16.5-30.5t15-35 16-36 19.5-32 26.5-23.5 36-11.5T556 134l-1 3q38-9 51-9h761q74 0 114 56t18 130l-274 906q-36 119-71.5 153.5T1025 1408H156q-27 0-38 15-11 16-1 43 24 70 144 70h923q29 0 56-15.5t35-41.5l300-987q7-22 5-57 38 15 59 43zm-1064 2q-4 13 2 22.5t20 9.5h608q13 0 25.5-9.5T1247 480l21-64q4-13-2-22.5t-20-9.5H638q-13 0-25.5 9.5T596 416zm-83 256q-4 13 2 22.5t20 9.5h608q13 0 25.5-9.5T1164 736l21-64q4-13-2-22.5t-20-9.5H555q-13 0-25.5 9.5T513 672z\"><\/path>\n    <\/svg><\/span><\/div>\n                          <div data-colibri-id=\"216-c15\" class=\"h-global-transition-all h-heading style-589 style-local-216-c15 position-relative h-element\">\n                            <!---->\n                            <div class=\"h-heading__outer style-589 style-local-216-c15\">\n                              <!---->\n                              <!---->\n                              <h5 class=\"\">SIGA NOSSAS\n                                <br>REDES SOCIAIS<\/h5>\n                            <\/div>\n                          <\/div>\n                          <div data-colibri-id=\"216-c16\" class=\"style-590 style-local-216-c16 position-relative h-element\">\n                            <!---->\n                            <div class=\"d-flex flex-wrap h-social-icons justify-content-lg-center justify-content-md-center justify-content-center\">\n                              <div class=\"social-icon-container d-inline-flex\">\n                                <div class=\"icon-container h-social-icon h-global-transition\">\n                                  <div class=\"h-icon-svg\" style=\"width: 100%; height: 100%;\">\n                                    <!--Icon by Font Awesome (https:\/\/fontawesome.com)-->\n                                    <svg version=\"1.1\" xmlns=\"http:\/\/www.w3.org\/2000\/svg\" xmlns:xlink=\"http:\/\/www.w3.org\/1999\/xlink\" id=\"facebook-square\" viewBox=\"0 0 1536 1896.0833\">\n                                      <path d=\"M1248 128q119 0 203.5 84.5T1536 416v960q0 119-84.5 203.5T1248 1664h-188v-595h199l30-232h-229V689q0-56 23.5-84t91.5-28l122-1V369q-63-9-178-9-136 0-217.5 80T820 666v171H620v232h200v595H288q-119 0-203.5-84.5T0 1376V416q0-119 84.5-203.5T288 128h960z\"><\/path>\n                                    <\/svg>\n                                  <\/div>\n                                <\/div>\n                              <\/div>\n                              <div class=\"social-icon-container d-inline-flex\">\n                                <div class=\"icon-container h-social-icon h-global-transition\">\n                                  <div class=\"h-icon-svg\" style=\"width: 100%; height: 100%;\">\n                                    <!--Icon by Socicon (http:\/\/www.socicon.com)-->\n                                    <svg version=\"1.1\" xmlns=\"http:\/\/www.w3.org\/2000\/svg\" viewBox=\"0 0 1500 1500\">\n\n                                      <path d=\"M750 134.766c202.148 0 222.656 2.93 301.758 5.859 76.172 2.93 114.258 14.648 140.625 23.438 35.156 14.648 61.523 32.227 84.961 55.664 26.367 26.367 43.945 52.734 55.664 84.961 11.719 29.297 23.438 67.383 26.367 140.625 2.93 82.031 5.859 102.539 5.859 304.688s-2.93 222.656-5.859 301.758c-2.93 76.172-14.648 114.258-23.438 140.625-14.648 35.156-32.227 61.523-55.664 84.961-26.367 26.367-52.734 43.945-84.961 55.664-29.297 11.719-67.383 23.438-140.625 26.367-82.031 2.93-102.539 5.859-304.688 5.859s-222.656-2.93-301.758-5.859c-76.172-2.93-114.258-14.648-140.625-23.438-35.156-14.648-61.523-32.227-84.961-55.664-26.367-26.367-43.945-52.734-55.664-84.961-11.719-29.297-23.438-67.383-26.367-140.625-2.93-82.031-5.859-102.539-5.859-304.688s2.93-222.656 5.859-301.758c2.93-76.172 14.648-114.258 23.438-140.625 14.648-35.156 32.227-61.523 55.664-84.961 26.367-26.367 52.734-43.945 84.961-55.664 29.297-11.719 67.383-23.438 140.625-26.367 82.031-2.93 102.539-5.859 304.688-5.859M750 0c-205.078 0-228.516 2.93-307.617 5.859-82.031 2.93-137.695 14.648-181.641 32.227-49.805 20.508-93.75 46.875-134.766 87.891s-67.383 84.961-87.891 134.766c-17.578 46.875-29.297 99.609-32.227 181.641-2.93 79.102-5.859 102.539-5.859 307.617s2.93 228.516 5.859 307.617c2.93 82.031 14.648 137.695 32.227 181.641 20.508 49.805 46.875 93.75 87.891 134.766s84.961 67.383 134.766 87.891c46.875 17.578 99.609 29.297 181.641 32.227 79.102 2.93 102.539 5.859 307.617 5.859s228.516-2.93 307.617-5.859c82.031-2.93 137.695-14.648 181.641-32.227 49.805-20.508 93.75-46.875 134.766-87.891s67.383-84.961 87.891-134.766c17.578-46.875 29.297-99.609 32.227-181.641 2.93-79.102 5.859-102.539 5.859-307.617s-2.93-228.516-5.859-307.617c-2.93-82.031-14.648-137.695-32.227-181.641-20.508-49.805-46.875-93.75-87.891-134.766s-84.961-67.383-134.766-87.891c-46.875-17.578-99.609-29.297-181.641-32.227-79.102-2.93-102.539-5.859-307.617-5.859zM750 363.281c-213.867 0-386.719 172.852-386.719 386.719s172.852 386.719 386.719 386.719c213.867 0 386.719-172.852 386.719-386.719s-172.852-386.719-386.719-386.719zM750 1001.953c-137.695 0-251.953-114.258-251.953-251.953s114.258-251.953 251.953-251.953c137.695 0 251.953 114.258 251.953 251.953s-114.258 251.953-251.953 251.953zM1239.258 348.633c0 49.805-38.086 90.82-87.891 90.82s-90.82-41.016-90.82-90.82c0-49.805 41.016-87.891 90.82-87.891s87.891 38.086 87.891 87.891z\"><\/path>\n                                    <\/svg>\n                                  <\/div>\n                                <\/div>\n                              <\/div>\n                            <\/div>\n                          <\/div>\n                        <\/div>\n                      <\/div>\n                    <\/div>\n                    <div class=\"h-column h-column-container d-flex h-col-lg-auto h-col-md-auto h-col-auto style-591-outer style-local-216-c17-outer\">\n                      <div data-colibri-id=\"216-c17\" class=\"d-flex h-flex-basis h-column__inner h-px-lg-0 h-px-md-0 h-px-0 v-inner-lg-0 v-inner-md-0 v-inner-0 style-591 style-local-216-c17 position-relative\">\n                        <!---->\n                        <!---->\n                        <div class=\"w-100 h-y-container h-column__content h-column__v-align flex-basis-100 align-self-lg-center align-self-md-center align-self-center\">\n                          <!---->\n                          <div data-colibri-id=\"216-c18\" class=\"style-592 style-local-216-c18 position-relative h-element\">\n                            <!---->\n                            <div class=\"h-global-transition-all h-global-transition h-global-transition-all h-contact-form-shortcode\">\n<div class=\"wpcf7 no-js\" id=\"wpcf7-f229-o1\" lang=\"pt-BR\" dir=\"ltr\" data-wpcf7-id=\"229\">\n<div class=\"screen-reader-response\"><p role=\"status\" aria-live=\"polite\" aria-atomic=\"true\"><\/p> <ul><\/ul><\/div>\n<form action=\"\/index.php?rest_route=%2Fwp%2Fv2%2Fpages%2F216#wpcf7-f229-o1\" method=\"post\" class=\"wpcf7-form init\" aria-label=\"Formul\u00e1rios de contato\" novalidate=\"novalidate\" data-status=\"init\">\n<div style=\"display: none;\">\n<input type=\"hidden\" name=\"_wpcf7\" value=\"229\" \/>\n<input type=\"hidden\" name=\"_wpcf7_version\" value=\"6.0.3\" \/>\n<input type=\"hidden\" name=\"_wpcf7_locale\" value=\"pt_BR\" \/>\n<input type=\"hidden\" name=\"_wpcf7_unit_tag\" value=\"wpcf7-f229-o1\" \/>\n<input type=\"hidden\" name=\"_wpcf7_container_post\" value=\"0\" \/>\n<input type=\"hidden\" name=\"_wpcf7_posted_data_hash\" value=\"\" \/>\n<\/div>\n<p><label> Seu nome<br \/>\n<span class=\"wpcf7-form-control-wrap\" data-name=\"your-name\"><input size=\"40\" maxlength=\"400\" class=\"wpcf7-form-control wpcf7-text wpcf7-validates-as-required\" aria-required=\"true\" aria-invalid=\"false\" value=\"\" type=\"text\" name=\"your-name\" \/><\/span> <\/label>\n<\/p>\n<p><label> Seu e-mail<br \/>\n<span class=\"wpcf7-form-control-wrap\" data-name=\"your-email\"><input size=\"40\" maxlength=\"400\" class=\"wpcf7-form-control wpcf7-email wpcf7-validates-as-required wpcf7-text wpcf7-validates-as-email\" aria-required=\"true\" aria-invalid=\"false\" value=\"\" type=\"email\" name=\"your-email\" \/><\/span> <\/label>\n<\/p>\n<p><label> Assunto<br \/>\n<span class=\"wpcf7-form-control-wrap\" data-name=\"your-subject\"><input size=\"40\" maxlength=\"400\" class=\"wpcf7-form-control wpcf7-text wpcf7-validates-as-required\" aria-required=\"true\" aria-invalid=\"false\" value=\"\" type=\"text\" name=\"your-subject\" \/><\/span> <\/label>\n<\/p>\n<p><label> Sua mensagem (opcional)<br \/>\n<span class=\"wpcf7-form-control-wrap\" data-name=\"your-message\"><textarea cols=\"40\" rows=\"10\" maxlength=\"2000\" class=\"wpcf7-form-control wpcf7-textarea\" aria-invalid=\"false\" name=\"your-message\"><\/textarea><\/span> <\/label>\n<\/p>\n<p><input class=\"wpcf7-form-control wpcf7-submit has-spinner\" type=\"submit\" value=\"Enviar\" \/>\n<\/p><div class=\"wpcf7-response-output\" aria-hidden=\"true\"><\/div>\n<\/form>\n<\/div>\n<\/div>\n                          <\/div>\n                        <\/div>\n                      <\/div>\n                    <\/div>\n                  <\/div>\n                <\/div>\n              <\/div>\n            <\/div>\n          <\/div>\n        <\/div>\n      <\/div>\n      <div data-colibri-id=\"216-c19\" class=\"h-row-container gutters-row-lg-2 gutters-row-md-2 gutters-row-0 gutters-row-v-lg-2 gutters-row-v-md-2 gutters-row-v-2 style-599 style-local-216-c19 position-relative\">\n        <!---->\n        <div class=\"h-row justify-content-lg-center justify-content-md-center justify-content-center align-items-lg-stretch align-items-md-stretch align-items-stretch gutters-col-lg-2 gutters-col-md-2 gutters-col-0 gutters-col-v-lg-2 gutters-col-v-md-2 gutters-col-v-2\">\n          <!---->\n          <div class=\"h-column h-column-container d-flex h-col-lg-auto h-col-md-auto h-col-auto style-600-outer style-local-216-c20-outer\">\n            <div data-colibri-id=\"216-c20\" class=\"d-flex h-flex-basis h-column__inner h-px-lg-2 h-px-md-2 h-px-2 v-inner-lg-2 v-inner-md-2 v-inner-2 style-600 style-local-216-c20 position-relative\">\n              <!---->\n              <!---->\n              <div class=\"w-100 h-y-container h-column__content h-column__v-align flex-basis-100 align-self-lg-start align-self-md-start align-self-start\">\n                <!---->\n                <div data-colibri-id=\"216-c21\" class=\"h-text h-text-component style-601 style-local-216-c21 position-relative h-element\">\n                  <!---->\n                  <!---->\n                  <div class=\"\">\n                    <p>ENDERE\u00c7O:\n                      <br>Avenida Sucupira, N\u00ba 49 &#8211; Bairro Hon\u00f3rio Rold\u00e3o\n                      <br>\u2022 Esquina com Avenida Acariquara\n                      <br>Presidente Figueiredo &#8211; AM\n                      <br>\n                    <\/p>\n                  <\/div>\n                <\/div>\n                <div data-colibri-id=\"216-c22\" class=\"h-x-container style-602 style-local-216-c22 position-relative h-element\">\n                  <!---->\n                  <div class=\"h-x-container-inner style-dynamic-216-c22-group style-602-spacing style-local-216-c22-spacing\"><span class=\"h-button__outer style-603-outer style-local-216-c23-outer d-inline-flex h-element\"><a h-use-smooth-scroll=\"true\" href=\"https:\/\/goo.gl\/maps\/K6VeonribBajMQaV6\"  data-colibri-id=\"216-c23\" class=\"d-flex w-100 align-items-center h-button justify-content-lg-center justify-content-md-center justify-content-center style-603 style-local-216-c23 position-relative\"><!----><!----> <span>COMO CHEGAR<\/span><\/a>\n                    <\/span>\n                  <\/div>\n                <\/div>\n                <div data-colibri-id=\"216-c24\" class=\"h-text h-text-component style-605 style-local-216-c24 position-relative h-element\">\n                  <!---->\n                  <!---->\n                  <div class=\"\">\n                    <p>TELEFONES:\n                      <br> (92) 9159 1414\n                      <br>\n                    <\/p>\n                  <\/div>\n                <\/div>\n                <div data-colibri-id=\"216-c25\" class=\"h-x-container style-606 style-local-216-c25 position-relative h-element\">\n                  <!---->\n                  <div class=\"h-x-container-inner style-dynamic-216-c25-group style-606-spacing style-local-216-c25-spacing\"><span class=\"h-button__outer style-607-outer style-local-216-c26-outer d-inline-flex h-element\"><a h-use-smooth-scroll=\"true\" href=\"tel:9299159414\"  data-colibri-id=\"216-c26\" class=\"d-flex w-100 align-items-center h-button justify-content-lg-center justify-content-md-center justify-content-center style-607 style-local-216-c26 position-relative\"><!----><!----> <span>LIGAR AGORA  <\/span><\/a>\n                    <\/span>\n                  <\/div>\n                <\/div>\n                <div data-colibri-id=\"216-c27\" class=\"h-text h-text-component style-609 style-local-216-c27 position-relative h-element\">\n                  <!---->\n                  <!---->\n                  <div class=\"\">\n                    <p>HOR\u00c1RIO DE FUNCIONAMENTO\n                      <br>SEGUNDA A SEXTA FEIRA 08:00H \u00c0S 15:00H<\/p>\n                  <\/div>\n                <\/div>\n              <\/div>\n            <\/div>\n          <\/div>\n        <\/div>\n      <\/div>\n    <\/div>\n  <\/div>\n<\/div>","protected":false},"excerpt":{"rendered":"<p>TEM ALGUMA D\u00daVIDA SOBRE NOSSOS SERVI\u00c7OS? ENTRE EM CONTATO CONOSCO, SER\u00c1 UM PRAZER ATEND\u00ca-LO! FALE&nbsp; CONOSCO SIGA NOSSAS REDES SOCIAIS ENDERE\u00c7O: Avenida Sucupira, N\u00ba 49 &#8211; Bairro Hon\u00f3rio Rold\u00e3o \u2022 Esquina com Avenida Acariquara Presidente Figueiredo &#8211; AM COMO CHEGAR TELEFONES: (92) 9159 1414 LIGAR AGORA HOR\u00c1RIO DE FUNCIONAMENTO SEGUNDA A SEXTA FEIRA 08:00H \u00c0S [&hellip;]<\/p>\n","protected":false},"author":1,"featured_media":0,"parent":0,"menu_order":0,"comment_status":"closed","ping_status":"closed","template":"page-templates\/full-width-page.php","meta":{"_joinchat":[],"footnotes":""},"class_list":["post-216","page","type-page","status-publish","hentry"],"_links":{"self":[{"href":"http:\/\/cartorioextrapf.com.br\/index.php?rest_route=\/wp\/v2\/pages\/216","targetHints":{"allow":["GET"]}}],"collection":[{"href":"http:\/\/cartorioextrapf.com.br\/index.php?rest_route=\/wp\/v2\/pages"}],"about":[{"href":"http:\/\/cartorioextrapf.com.br\/index.php?rest_route=\/wp\/v2\/types\/page"}],"author":[{"embeddable":true,"href":"http:\/\/cartorioextrapf.com.br\/index.php?rest_route=\/wp\/v2\/users\/1"}],"replies":[{"embeddable":true,"href":"http:\/\/cartorioextrapf.com.br\/index.php?rest_route=%2Fwp%2Fv2%2Fcomments&post=216"}],"version-history":[{"count":8,"href":"http:\/\/cartorioextrapf.com.br\/index.php?rest_route=\/wp\/v2\/pages\/216\/revisions"}],"predecessor-version":[{"id":414,"href":"http:\/\/cartorioextrapf.com.br\/index.php?rest_route=\/wp\/v2\/pages\/216\/revisions\/414"}],"wp:attachment":[{"href":"http:\/\/cartorioextrapf.com.br\/index.php?rest_route=%2Fwp%2Fv2%2Fmedia&parent=216"}],"curies":[{"name":"wp","href":"https:\/\/api.w.org\/{rel}","templated":true}]}}