{"id":32,"date":"2022-03-16T17:29:24","date_gmt":"2022-03-16T20:29:24","guid":{"rendered":"http:\/\/cartorioextrapf.com.br\/?page_id=32"},"modified":"2023-04-04T21:20:50","modified_gmt":"2023-04-05T00:20:50","slug":"colibri-wp","status":"publish","type":"page","link":"http:\/\/cartorioextrapf.com.br\/","title":{"rendered":"Front Page"},"content":{"rendered":"<div data-colibri-id=\"32-c1\" class=\"style-191 style-local-32-c1 position-relative\">\n  <!---->\n  <div data-colibri-component=\"section\" data-colibri-id=\"32-c2\" id=\"e-notoriado\" class=\"h-section h-section-global-spacing d-flex align-items-lg-center align-items-md-center align-items-center style-451 style-local-32-c2 position-relative\">\n    <!---->\n    <!---->\n    <div class=\"h-section-grid-container h-section-boxed-container\">\n      <!---->\n      <div data-colibri-id=\"32-c3\" class=\"h-row-container gutters-row-lg-2 gutters-row-md-2 gutters-row-0 gutters-row-v-lg-2 gutters-row-v-md-2 gutters-row-v-2 style-455 style-local-32-c3 position-relative\">\n        <!---->\n        <div class=\"h-row justify-content-lg-center justify-content-md-center justify-content-center align-items-lg-stretch align-items-md-stretch align-items-stretch gutters-col-lg-2 gutters-col-md-2 gutters-col-0 gutters-col-v-lg-2 gutters-col-v-md-2 gutters-col-v-2\">\n          <!---->\n          <div class=\"h-column h-column-container d-flex h-col-lg-auto h-col-md-auto h-col-auto style-456-outer style-local-32-c4-outer\">\n            <div data-colibri-id=\"32-c4\" class=\"d-flex h-flex-basis h-column__inner h-px-lg-2 h-px-md-2 h-px-2 v-inner-lg-2 v-inner-md-2 v-inner-2 style-456 style-local-32-c4 position-relative\">\n              <!---->\n              <!---->\n              <div class=\"w-100 h-y-container h-column__content h-column__v-align flex-basis-100 align-self-lg-start align-self-md-start align-self-start\">\n                <!---->\n                <div data-colibri-id=\"32-c5\" class=\"d-block style-470 style-local-32-c5 position-relative h-element\">\n                  <!---->\n                  <div class=\"h-image__frame-container-outer\">\n                    <div class=\"h-image__frame-container\">\n                      <!---->\n                      <!---->\n                      <img loading=\"lazy\" decoding=\"async\" width=\"1562\" height=\"1343\" src=\"http:\/\/cartorioextrapf.com.br\/wp-content\/uploads\/2022\/03\/cropped-L02-2.png\" class=\"wp-image-86 style-470-image style-local-32-c5-image\" alt=\"\" srcset=\"http:\/\/cartorioextrapf.com.br\/wp-content\/uploads\/2022\/03\/cropped-L02-2.png 1562w, http:\/\/cartorioextrapf.com.br\/wp-content\/uploads\/2022\/03\/cropped-L02-2-300x258.png 300w, http:\/\/cartorioextrapf.com.br\/wp-content\/uploads\/2022\/03\/cropped-L02-2-1024x880.png 1024w, http:\/\/cartorioextrapf.com.br\/wp-content\/uploads\/2022\/03\/cropped-L02-2-768x660.png 768w, http:\/\/cartorioextrapf.com.br\/wp-content\/uploads\/2022\/03\/cropped-L02-2-1536x1321.png 1536w\" sizes=\"auto, (max-width: 1562px) 100vw, 1562px\" \/>\n                      <div class=\"h-image__frame h-hide-lg h-hide-md h-hide-sm style-470-frameImage style-local-32-c5-frameImage\"><\/div>\n                    <\/div>\n                  <\/div>\n                <\/div>\n                <div data-colibri-id=\"32-c6\" class=\"h-global-transition-all h-heading style-460 style-local-32-c6 position-relative h-element\">\n                  <!---->\n                  <div class=\"h-heading__outer style-460 style-local-32-c6\">\n                    <!---->\n                    <!---->\n                    <h4 class=\"\">\u2022 O CART\u00d3RIO \u2022<\/h4>\n                  <\/div>\n                <\/div>\n                <div data-colibri-id=\"32-c7\" class=\"h-text h-text-component style-454 style-local-32-c7 position-relative h-element\">\n                  <!---->\n                  <!---->\n                  <div class=\"\">\n                    <p>O TABELIONATO DE NOTAS E REGISTROS P\u00daBLICOS DE PRESIDENTE FIGUEIREDO \u2013 AM\n                      <br>tem por sua natureza jur\u00eddica prestar servi\u00e7os t\u00e9cnicos e administrativos visando garantir a publicidade, autenticidade, seguran\u00e7a e efic\u00e1cia dos atos e neg\u00f3cios jur\u00eddicos buscados pelos cidad\u00e3os.<\/p>\n                    <p>\u00c0 frente desta serventia o Bacharel em Direito e p\u00f3s-graduado em Direito Notarial e Registral,\n                      <br>Dr. S\u00c9RGIO LUIZ BARBOSA SILVA, em conjunto com seus serventu\u00e1rios, est\u00e3o capacitados para lhe prestar\n                      <br>um servi\u00e7o cartorial de modo eficiente e adequado, atendendo as especificidades que cada caso requer,\n                      <br>oferecendo a devida seguran\u00e7a jur\u00eddica para quem procura os servi\u00e7os nesta serventia.<\/p>\n                  <\/div>\n                <\/div>\n              <\/div>\n            <\/div>\n          <\/div>\n        <\/div>\n      <\/div>\n    <\/div>\n  <\/div>\n  <div data-colibri-component=\"section\" data-colibri-id=\"32-c8\" id=\"e-notoriado-2\" class=\"h-section h-section-global-spacing d-flex align-items-lg-center align-items-md-center align-items-center style-567 style-local-32-c8 position-relative\">\n    <!---->\n    <!---->\n    <div class=\"h-section-grid-container h-section-boxed-container\">\n      <!---->\n      <div data-colibri-id=\"32-c9\" class=\"h-row-container gutters-row-lg-2 gutters-row-md-2 gutters-row-2 gutters-row-v-lg-2 gutters-row-v-md-2 gutters-row-v-2 style-568 style-local-32-c9 position-relative\">\n        <!---->\n        <div class=\"h-row justify-content-lg-center justify-content-md-center justify-content-center align-items-lg-stretch align-items-md-stretch align-items-stretch gutters-col-lg-2 gutters-col-md-2 gutters-col-2 gutters-col-v-lg-2 gutters-col-v-md-2 gutters-col-v-2\">\n          <!---->\n          <div class=\"h-column h-column-container d-flex h-col-lg-auto h-col-md-auto h-col-auto style-569-outer style-local-32-c10-outer\">\n            <div data-colibri-id=\"32-c10\" class=\"d-flex h-flex-basis h-column__inner h-px-lg-2 h-px-md-2 h-px-2 v-inner-lg-2 v-inner-md-2 v-inner-2 style-569 style-local-32-c10 position-relative\">\n              <!---->\n              <!---->\n              <div class=\"w-100 h-y-container h-column__content h-column__v-align flex-basis-100 align-self-lg-center align-self-md-center align-self-center\">\n                <!---->\n                <div data-colibri-id=\"32-c11\" class=\"h-global-transition-all h-heading style-571 style-local-32-c11 position-relative h-element\">\n                  <!---->\n                  <div class=\"h-heading__outer style-571 style-local-32-c11\">\n                    <!---->\n                    <!---->\n                    <h2 class=\"\"><em style=\"color: rgb(247, 144, 7); font-family: &quot;Playfair Display&quot;;\">e- notariado<\/em><\/h2>\n                  <\/div>\n                <\/div>\n                <div data-colibri-id=\"32-c12\" class=\"h-text h-text-component style-572 style-local-32-c12 position-relative h-element\">\n                  <!---->\n                  <!---->\n                  <div class=\"\">\n                    <p>Com a necessidade de se manter a presta\u00e7\u00e3o dos servi\u00e7os cartoriais em conson\u00e2ncia com a realidade digital e virtual dos tempos atuais, onde se deve prestar os servi\u00e7os de modo eficiente, adequado, c\u00e9lere e cont\u00ednuo, encontra-se em\n                      pleno funcionamento nesta serventia o servi\u00e7o do E-NOTARIADO (Regulamentado pelo Provimento 100, do CNJ\/2020), isto \u00e9, o cart\u00f3rio na palma do seu SMART PHONE, do seu aparelho CELULAR ou do seu COMPUTADOR PESSOAL, ou do seu NOTEBOOK!<\/p>\n                  <\/div>\n                <\/div>\n              <\/div>\n            <\/div>\n          <\/div>\n          <div class=\"h-column h-column-container d-flex h-col-lg-auto h-col-md-auto h-col-auto style-575-outer style-local-32-c13-outer\">\n            <div data-colibri-id=\"32-c13\" class=\"d-flex h-flex-basis h-column__inner h-px-lg-2 h-px-md-2 h-px-2 v-inner-lg-2 v-inner-md-2 v-inner-2 style-575 style-local-32-c13 position-relative\">\n              <!---->\n              <!---->\n              <div class=\"w-100 h-y-container h-column__content h-column__v-align flex-basis-100 align-self-lg-center align-self-md-center align-self-center\">\n                <!---->\n                <div data-colibri-id=\"32-c14\" class=\"d-block style-576 style-local-32-c14 position-relative h-element\">\n                  <!---->\n                  <div class=\"h-image__frame-container-outer\">\n                    <div class=\"h-image__frame-container\">\n                      <!---->\n                      <!---->\n                      <img loading=\"lazy\" decoding=\"async\" width=\"613\" height=\"402\" src=\"http:\/\/cartorioextrapf.com.br\/wp-content\/uploads\/2022\/03\/CART17.png\" class=\"wp-image-201 style-576-image style-local-32-c14-image\" alt=\"\" srcset=\"http:\/\/cartorioextrapf.com.br\/wp-content\/uploads\/2022\/03\/CART17.png 613w, http:\/\/cartorioextrapf.com.br\/wp-content\/uploads\/2022\/03\/CART17-300x197.png 300w\" sizes=\"auto, (max-width: 613px) 100vw, 613px\" \/>\n                      <div class=\"h-image__frame h-hide-sm style-576-frameImage style-local-32-c14-frameImage\"><\/div>\n                    <\/div>\n                  <\/div>\n                <\/div>\n              <\/div>\n            <\/div>\n          <\/div>\n        <\/div>\n      <\/div>\n      <div data-colibri-id=\"32-c15\" class=\"h-row-container gutters-row-lg-2 gutters-row-md-2 gutters-row-0 gutters-row-v-lg-2 gutters-row-v-md-2 gutters-row-v-2 style-577 style-local-32-c15 position-relative\">\n        <!---->\n        <div class=\"h-row justify-content-lg-center justify-content-md-center justify-content-center align-items-lg-stretch align-items-md-stretch align-items-stretch gutters-col-lg-2 gutters-col-md-2 gutters-col-0 gutters-col-v-lg-2 gutters-col-v-md-2 gutters-col-v-2\">\n          <!---->\n          <div class=\"h-column h-column-container d-flex h-col-lg-auto h-col-md-auto h-col-auto style-578-outer style-local-32-c16-outer\">\n            <div data-colibri-id=\"32-c16\" class=\"d-flex h-flex-basis h-column__inner h-px-lg-2 h-px-md-2 h-px-2 v-inner-lg-2 v-inner-md-2 v-inner-2 style-578 style-local-32-c16 position-relative\">\n              <!---->\n              <!---->\n              <div class=\"w-100 h-y-container h-column__content h-column__v-align flex-basis-100 align-self-lg-start align-self-md-start align-self-start\">\n                <!---->\n                <div data-colibri-id=\"32-c17\" class=\"h-text h-text-component style-579 style-local-32-c17 position-relative h-element\">\n                  <!---->\n                  <!---->\n                  <div class=\"\">\n                    <p>Para a maioria dos neg\u00f3cios e atos no cart\u00f3rio que precisar, temos nesta serventia a plataforma do E-NOTARIADO, que simplifica a vida da pessoa f\u00edsica ou jur\u00eddica que busca os servi\u00e7os de nosso cart\u00f3rio, com exemplo: ESCRITURAS P\u00daBLICAS\n                      DE COMPRA E VENDA DE IM\u00d3VEIS, INVENT\u00c1RIOS E PARTILHAS DE BENS, DIV\u00d3RCIOS EXTRAJUDICIAIS, AUTENTICA\u00c7\u00d5ES DE DOCUMENTOS, PROCURA\u00c7\u00d5ES, ESCRITURAS DE DECLARA\u00c7\u00d5ES DIVERSAS, entre outros servi\u00e7os. Para tanto, basta procurar os contatos\n                      desta serventia neste site ou atrav\u00e9s do seu Instagram, que estamos prontos para atender suas demandas extrajudiciais, proporcionando seguran\u00e7a jur\u00eddica a seus atos e neg\u00f3cios com celeridade que os tempos exigem!<\/p>\n                  <\/div>\n                <\/div>\n                <div data-colibri-id=\"32-c18\" class=\"h-text h-text-component style-580 style-local-32-c18 position-relative h-element\">\n                  <!---->\n                  <!---->\n                  <div class=\"\">\n                    <p>Sauda\u00e7\u00f5es Extrajudiciais\n                      <br>\n                    <\/p>\n                    <p>S\u00c9RGIO LUIZ BARBOSA SILVA\n                      <br>Titular da Serventia da Comarca de Presidente Figueiredo-AM<\/p>\n                  <\/div>\n                <\/div>\n              <\/div>\n            <\/div>\n          <\/div>\n        <\/div>\n      <\/div>\n    <\/div>\n  <\/div>\n<\/div>","protected":false},"excerpt":{"rendered":"<p>\u2022 O CART\u00d3RIO \u2022 O TABELIONATO DE NOTAS E REGISTROS P\u00daBLICOS DE PRESIDENTE FIGUEIREDO \u2013 AM tem por sua natureza jur\u00eddica prestar servi\u00e7os t\u00e9cnicos e administrativos visando garantir a publicidade, autenticidade, seguran\u00e7a e efic\u00e1cia dos atos e neg\u00f3cios jur\u00eddicos buscados pelos cidad\u00e3os. \u00c0 frente desta serventia o Bacharel em Direito e p\u00f3s-graduado em Direito Notarial [&hellip;]<\/p>\n","protected":false},"author":1,"featured_media":0,"parent":0,"menu_order":0,"comment_status":"closed","ping_status":"closed","template":"page-templates\/homepage.php","meta":{"_joinchat":[],"footnotes":""},"class_list":["post-32","page","type-page","status-publish","hentry"],"_links":{"self":[{"href":"http:\/\/cartorioextrapf.com.br\/index.php?rest_route=\/wp\/v2\/pages\/32","targetHints":{"allow":["GET"]}}],"collection":[{"href":"http:\/\/cartorioextrapf.com.br\/index.php?rest_route=\/wp\/v2\/pages"}],"about":[{"href":"http:\/\/cartorioextrapf.com.br\/index.php?rest_route=\/wp\/v2\/types\/page"}],"author":[{"embeddable":true,"href":"http:\/\/cartorioextrapf.com.br\/index.php?rest_route=\/wp\/v2\/users\/1"}],"replies":[{"embeddable":true,"href":"http:\/\/cartorioextrapf.com.br\/index.php?rest_route=%2Fwp%2Fv2%2Fcomments&post=32"}],"version-history":[{"count":20,"href":"http:\/\/cartorioextrapf.com.br\/index.php?rest_route=\/wp\/v2\/pages\/32\/revisions"}],"predecessor-version":[{"id":406,"href":"http:\/\/cartorioextrapf.com.br\/index.php?rest_route=\/wp\/v2\/pages\/32\/revisions\/406"}],"wp:attachment":[{"href":"http:\/\/cartorioextrapf.com.br\/index.php?rest_route=%2Fwp%2Fv2%2Fmedia&parent=32"}],"curies":[{"name":"wp","href":"https:\/\/api.w.org\/{rel}","templated":true}]}}